{"id":18,"date":"2021-03-08T20:47:30","date_gmt":"2021-03-08T20:47:30","guid":{"rendered":"http:\/\/dr-schamberger.at\/?page_id=18"},"modified":"2021-03-08T21:18:55","modified_gmt":"2021-03-08T21:18:55","slug":"impressum","status":"publish","type":"page","link":"http:\/\/dr-schamberger.at\/?page_id=18","title":{"rendered":"Impressum"},"content":{"rendered":"\n<p>Information gem\u00e4\u00df \u00a7 5 E-Commerce-Gesetz und Offenlegung gem\u00e4\u00df \u00a7 25 Mediengesetz:<\/p>\n\n\n\n<p>Diensteanbieter und Medieninhaber:<br>Dr. Barbara Schamberger-Ender<\/p>\n\n\n\n<p>Forchtenau 28<br>4971 Aurolzm\u00fcnster<\/p>\n\n\n\n<p>Tel.: +43 7751 80646<br>Fax: +43 7751 80646-40<br>E-Mail: ordination[\u00c4T]dr-schamberger.at<br>Homepage: www.dr-schamberger.at<\/p>\n\n\n\n<p>Mitglied der \u00c4rztekammer f\u00fcr Ober\u00f6sterreich<br>Berufsbezeichnung: \u00c4rztin f\u00fcr Allgemeinmedizin&nbsp;<br>(verliehen in \u00d6sterreich)<br>T\u00e4tigkeit unterliegt dem \u00c4rztegesetz 1998&nbsp;<br>(siehe <a rel=\"noreferrer noopener\" href=\"http:\/\/www.ris.bka.gv.at\/bundesrecht\" target=\"_blank\">http:\/\/www.ris.bka.gv.at\/bundesrecht<\/a>)<\/p>\n\n\n\n<p><\/p>\n\n\n\n<p>F\u00fcr die Erstellung der Homepage verantwortlich:<\/p>\n\n\n\n<p>L. Intichar EDV-Dienstleistungen e.U.<br>Mag. Lorenz Intichar<br>Sch\u00f6nbrunner Stra\u00dfe 185\/9<br>1120 Wien<\/p>\n\n\n\n<p>Mail: lorenz[\u00c4T]intichar.at<br><\/p>\n","protected":false},"excerpt":{"rendered":"<p>Information gem\u00e4\u00df \u00a7 5 E-Commerce-Gesetz und Offenlegung gem\u00e4\u00df \u00a7 25 Mediengesetz: Diensteanbieter und Medieninhaber:Dr. Barbara Schamberger-Ender Forchtenau 284971 Aurolzm\u00fcnster Tel.: +43 7751 80646Fax: +43 7751 80646-40E-Mail: ordination[\u00c4T]dr-schamberger.atHomepage: www.dr-schamberger.at Mitglied der \u00c4rztekammer f\u00fcr Ober\u00f6sterreichBerufsbezeichnung: \u00c4rztin f\u00fcr Allgemeinmedizin&nbsp;(verliehen in \u00d6sterreich)T\u00e4tigkeit unterliegt dem \u00c4rztegesetz 1998&nbsp;(siehe http:\/\/www.ris.bka.gv.at\/bundesrecht) F\u00fcr die Erstellung der Homepage verantwortlich: L. Intichar EDV-Dienstleistungen e.U.Mag. Lorenz InticharSch\u00f6nbrunner Stra\u00dfe 185\/91120 Wien Mail: lorenz[\u00c4T]intichar.at<\/p>\n","protected":false},"author":1,"featured_media":0,"parent":0,"menu_order":0,"comment_status":"closed","ping_status":"closed","template":"","meta":{"hide_page_title":"","_coblocks_attr":"","_coblocks_dimensions":"","_coblocks_responsive_height":"","_coblocks_accordion_ie_support":"","footnotes":""},"class_list":["post-18","page","type-page","status-publish","hentry"],"_links":{"self":[{"href":"http:\/\/dr-schamberger.at\/index.php?rest_route=\/wp\/v2\/pages\/18"}],"collection":[{"href":"http:\/\/dr-schamberger.at\/index.php?rest_route=\/wp\/v2\/pages"}],"about":[{"href":"http:\/\/dr-schamberger.at\/index.php?rest_route=\/wp\/v2\/types\/page"}],"author":[{"embeddable":true,"href":"http:\/\/dr-schamberger.at\/index.php?rest_route=\/wp\/v2\/users\/1"}],"replies":[{"embeddable":true,"href":"http:\/\/dr-schamberger.at\/index.php?rest_route=%2Fwp%2Fv2%2Fcomments&post=18"}],"version-history":[{"count":4,"href":"http:\/\/dr-schamberger.at\/index.php?rest_route=\/wp\/v2\/pages\/18\/revisions"}],"predecessor-version":[{"id":48,"href":"http:\/\/dr-schamberger.at\/index.php?rest_route=\/wp\/v2\/pages\/18\/revisions\/48"}],"wp:attachment":[{"href":"http:\/\/dr-schamberger.at\/index.php?rest_route=%2Fwp%2Fv2%2Fmedia&parent=18"}],"curies":[{"name":"wp","href":"https:\/\/api.w.org\/{rel}","templated":true}]}}