{"id":5,"date":"2021-03-08T19:09:04","date_gmt":"2021-03-08T19:09:04","guid":{"rendered":"http:\/\/dr-schamberger.at\/?page_id=5"},"modified":"2024-08-28T21:59:25","modified_gmt":"2024-08-28T21:59:25","slug":"praxis-dr-barbara-schamberger-ender","status":"publish","type":"page","link":"https:\/\/dr-schamberger.at\/","title":{"rendered":"Praxis Dr. Barbara Schamberger-Ender"},"content":{"rendered":"\n<p style=\"font-size:1px\"><\/p>\n\n\n<div class=\"wp-block-image\">\n<figure class=\"aligncenter size-medium is-resized\"><a href=\"https:\/\/dr-schamberger.at\/wp-content\/uploads\/2021\/03\/Ordilogo.jpg\"><img loading=\"lazy\" decoding=\"async\" width=\"300\" height=\"290\" src=\"https:\/\/dr-schamberger.at\/wp-content\/uploads\/2021\/03\/Ordilogo-300x290.jpg\" alt=\"\" class=\"wp-image-59\" style=\"width:312px;height:302px\" srcset=\"https:\/\/dr-schamberger.at\/wp-content\/uploads\/2021\/03\/Ordilogo-300x290.jpg 300w, https:\/\/dr-schamberger.at\/wp-content\/uploads\/2021\/03\/Ordilogo-1024x990.jpg 1024w, https:\/\/dr-schamberger.at\/wp-content\/uploads\/2021\/03\/Ordilogo-768x742.jpg 768w, https:\/\/dr-schamberger.at\/wp-content\/uploads\/2021\/03\/Ordilogo.jpg 1314w\" sizes=\"(max-width: 300px) 100vw, 300px\" \/><\/a><\/figure><\/div>\n\n\n<figure class=\"wp-block-image size-large\"><a href=\"http:\/\/dr-schamberger.at\/wp-content\/uploads\/2021\/03\/DSC6131r.jpg\"><img loading=\"lazy\" decoding=\"async\" width=\"1024\" height=\"683\" src=\"http:\/\/dr-schamberger.at\/wp-content\/uploads\/2021\/03\/DSC6131r-1024x683.jpg\" alt=\"\" class=\"wp-image-12\" srcset=\"https:\/\/dr-schamberger.at\/wp-content\/uploads\/2021\/03\/DSC6131r-1024x683.jpg 1024w, https:\/\/dr-schamberger.at\/wp-content\/uploads\/2021\/03\/DSC6131r-300x200.jpg 300w, https:\/\/dr-schamberger.at\/wp-content\/uploads\/2021\/03\/DSC6131r-768x512.jpg 768w, https:\/\/dr-schamberger.at\/wp-content\/uploads\/2021\/03\/DSC6131r.jpg 1500w\" sizes=\"(max-width: 1024px) 100vw, 1024px\" \/><\/a><\/figure>\n\n\n\n<p><\/p>\n\n\n\n<p><\/p>\n\n\n\n<p><\/p>\n\n\n\n<p><\/p>\n\n\n\n<h3 class=\"wp-block-heading\" id=\"Kontakt\">Kontakt und Adresse<\/h3>\n\n\n\n<p>\u00c4rztin f\u00fcr Allgemeinmedizin<br>Forchtenau 28,  4971 Aurolzm\u00fcnster<\/p>\n\n\n\n<p>Tel. +43 7751 80646<br>Fax +43 7751 80646-40<br>Mail: ordination@dr-schamberger.at<\/p>\n\n\n\n<p><\/p>\n\n\n\n<h3 class=\"wp-block-heading\" id=\"Ordinationszeiten\">Ordinationszeiten<\/h3>\n\n\n\n<p style=\"font-size:28px\"><\/p>\n\n\n\n<p><\/p>\n\n\n\n<figure class=\"wp-block-table is-style-stripes\"><table class=\"has-fixed-layout\"><tbody><tr><td>Montag<\/td><td>7:30 bis 11:30<\/td><td><\/td><\/tr><tr><td>Dienstag<\/td><td>7:30 bis 11:30<\/td><td>16:00 bis 18:00<\/td><\/tr><tr><td>Mittwoch<\/td><td><\/td><td>16:00 bis 18:00<\/td><\/tr><tr><td>Donnerstag<\/td><td>7:30 bis 11:30<\/td><td><\/td><\/tr><tr><td>Freitag<\/td><td>7:30 bis 11:30<\/td><td><\/td><\/tr><\/tbody><\/table><\/figure>\n\n\n\n<p><\/p>\n\n\n\n<h3 class=\"wp-block-heading\" id=\"Lage\">Hier finden Sie uns<\/h3>\n\n\n<div id=\"wpgmza_map\" class=\"wpgmza_map\" data-settings='{\"id\":\"1\",\"map_title\":\"Praxis Forchtenau 28\",\"map_width\":\"100\",\"map_height\":\"400\",\"map_start_lat\":\"48.26383673752448\",\"map_start_lng\":\"13.450825687377694\",\"map_start_location\":\"45.950464398418106,-109.81550500000003\",\"map_start_zoom\":\"17\",\"default_marker\":\"\",\"type\":\"1\",\"alignment\":\"4\",\"directions_enabled\":\"0\",\"styling_enabled\":\"0\",\"styling_json\":\"\",\"active\":\"0\",\"kml\":\"\",\"bicycle\":\"0\",\"traffic\":\"0\",\"dbox\":\"0\",\"dbox_width\":\"\",\"listmarkers\":\"0\",\"listmarkers_advanced\":\"0\",\"filterbycat\":\"0\",\"ugm_enabled\":\"0\",\"ugm_category_enabled\":\"0\",\"fusion\":\"\",\"map_width_type\":\"%\",\"map_height_type\":\"px\",\"mass_marker_support\":\"0\",\"ugm_access\":\"0\",\"order_markers_by\":\"0\",\"order_markers_choice\":\"0\",\"show_user_location\":\"0\",\"default_to\":\"\",\"other_settings\":{\"map_type\":1,\"sl_stroke_color\":\"\",\"sl_fill_color\":\"\",\"sl_stroke_opacity\":\"\",\"sl_fill_opacity\":\"\",\"transport_layer\":false,\"action\":\"wpgmza_save_map\",\"redirect_to\":\"\\\/wp-admin\\\/admin-post.php\",\"map_id\":\"1\",\"http_referer\":\"\\\/wp-admin\\\/admin.php?page=wp-google-maps-menu&amp;action=edit&amp;map_id=1\",\"wpgmza_id\":\"1\",\"wpgmza_start_location\":\"48.26383673752448,13.450825687377694\",\"wpgmza_start_zoom\":\"17\",\"wpgmza_theme_data\":\"\",\"store_locator_enabled\":false,\"store_locator_search_area\":\"radial\",\"wpgmza_store_locator_radius_style\":\"legacy\",\"wpgmza_store_locator_default_radius\":\"10\",\"store_locator_auto_area_max_zoom\":\"\",\"store_locator_distance\":false,\"wpgmza_store_locator_position\":false,\"store_locator_show_distance\":false,\"store_locator_category\":false,\"wpgmza_store_locator_use_their_location\":false,\"wpgmza_store_locator_bounce\":false,\"wpgmza_sl_animation\":null,\"wpgmza_store_locator_hide_before_search\":false,\"store_locator_query_string\":\"\",\"store_locator_default_address\":\"\",\"store_locator_name_search\":false,\"store_locator_name_string\":\"\",\"store_locator_not_found_message\":\"\",\"wpgmza_map_align\":\"2\",\"jump_to_nearest_marker_on_initialization\":false,\"automatically_pan_to_users_location\":false,\"override_users_location_zoom_level\":false,\"override_users_location_zoom_levels\":\"\",\"show_distance_from_location\":false,\"map_max_zoom\":\"21\",\"map_min_zoom\":\"0\",\"click_open_link\":false,\"fit_maps_bounds_to_markers\":false,\"fit_maps_bounds_to_markers_after_filtering\":false,\"hide_point_of_interest\":false,\"wpgmza_zoom_on_marker_click\":false,\"wpgmza_zoom_on_marker_click_slider\":\"\",\"close_infowindow_on_map_click\":false,\"disable_lightbox_images\":false,\"use_Raw_Jpeg_Coordinates\":false,\"polygon_labels\":false,\"disable_polygon_info_windows\":false,\"enable_marker_ratings\":false,\"only_load_markers_within_viewport\":false,\"iw_primary_color\":\"\",\"iw_accent_color\":\"\",\"iw_text_color\":\"\",\"wpgmza_listmarkers_by\":\"0\",\"wpgmza_marker_listing_position\":false,\"wpgmza_push_in_map\":false,\"wpgmza_push_in_map_placement\":null,\"wpgmza_push_in_map_width\":\"\",\"wpgmza_push_in_map_height\":\"\",\"datatable_no_result_message\":\"\",\"remove_search_box_datables\":false,\"dataTable_pagination_style\":null,\"datatable_search_string\":\"\",\"datatable_result_start\":\"\",\"datatable_result_of\":\"\",\"datatable_result_to\":\"\",\"datatable_result_total\":\"\",\"datatable_result_show\":\"\",\"datatable_result_entries\":\"\",\"wpgmza_savemap\":\"Karte speichern \\u00bb\"}}' data-map-id='1' Data-maps-engine='google-maps' data-shortcode-attributes='{\"id\":\"1\"}' style=\"display:block; overflow:auto; width:100%; height:400px; margin-left:auto !important; margin-right:auto; !important; align:center;\"><\/div>\n\n\n<div class=\"wp-block-buttons is-layout-flex wp-block-buttons-is-layout-flex\"><\/div>\n\n\n\n<p><\/p>\n\n\n\n<h3 class=\"wp-block-heading\">Anreise (\u00f6ffentlich)<\/h3>\n\n\n\n<p>Die Praxis liegt weniger als 50 Meter von der Bushaltestelle Forchtenau (Innkreis) Ortsmitte entfernt, an der die Buslinien 840 und 842 halten. <\/p>\n\n\n\n<p>Fahrplanausk\u00fcnfte erhalten Sie auf der Webseite des O\u00d6VV: <a href=\"https:\/\/verkehrsauskunft.ooevv.at\/\">https:\/\/verkehrsauskunft.ooevv.at\/<\/a><\/p>\n","protected":false},"excerpt":{"rendered":"<p>Kontakt und Adresse \u00c4rztin f\u00fcr AllgemeinmedizinForchtenau 28, 4971 Aurolzm\u00fcnster Tel. +43 7751 80646Fax +43 7751 80646-40Mail: ordination@dr-schamberger.at Ordinationszeiten Montag 7:30 bis 11:30 Dienstag 7:30 bis 11:30 16:00 bis 18:00 Mittwoch 16:00 bis 18:00 Donnerstag 7:30 bis 11:30 Freitag 7:30 bis 11:30 Hier finden Sie uns Anreise (\u00f6ffentlich) Die Praxis liegt weniger als 50 Meter von der Bushaltestelle Forchtenau (Innkreis) Ortsmitte entfernt, an der die Buslinien 840 und 842 halten. Fahrplanausk\u00fcnfte erhalten Sie auf der Webseite des O\u00d6VV: https:\/\/verkehrsauskunft.ooevv.at\/<\/p>\n","protected":false},"author":1,"featured_media":0,"parent":0,"menu_order":0,"comment_status":"closed","ping_status":"closed","template":"","meta":{"hide_page_title":"","_coblocks_attr":"","_coblocks_dimensions":"","_coblocks_responsive_height":"","_coblocks_accordion_ie_support":"","footnotes":""},"class_list":["post-5","page","type-page","status-publish","hentry"],"_links":{"self":[{"href":"https:\/\/dr-schamberger.at\/index.php?rest_route=\/wp\/v2\/pages\/5"}],"collection":[{"href":"https:\/\/dr-schamberger.at\/index.php?rest_route=\/wp\/v2\/pages"}],"about":[{"href":"https:\/\/dr-schamberger.at\/index.php?rest_route=\/wp\/v2\/types\/page"}],"author":[{"embeddable":true,"href":"https:\/\/dr-schamberger.at\/index.php?rest_route=\/wp\/v2\/users\/1"}],"replies":[{"embeddable":true,"href":"https:\/\/dr-schamberger.at\/index.php?rest_route=%2Fwp%2Fv2%2Fcomments&post=5"}],"version-history":[{"count":36,"href":"https:\/\/dr-schamberger.at\/index.php?rest_route=\/wp\/v2\/pages\/5\/revisions"}],"predecessor-version":[{"id":95,"href":"https:\/\/dr-schamberger.at\/index.php?rest_route=\/wp\/v2\/pages\/5\/revisions\/95"}],"wp:attachment":[{"href":"https:\/\/dr-schamberger.at\/index.php?rest_route=%2Fwp%2Fv2%2Fmedia&parent=5"}],"curies":[{"name":"wp","href":"https:\/\/api.w.org\/{rel}","templated":true}]}}